{"id":141,"date":"2020-04-23T11:44:09","date_gmt":"2020-04-23T11:44:09","guid":{"rendered":"http:\/\/uj.hetessport.hu\/?page_id=141"},"modified":"2020-04-23T14:04:16","modified_gmt":"2020-04-23T14:04:16","slug":"szolgaltatasok","status":"publish","type":"page","link":"https:\/\/www.hetessport.hu\/?page_id=141","title":{"rendered":"Szolg\u00e1ltat\u00e1sok"},"content":{"rendered":"\t\t<div data-elementor-type=\"wp-page\" data-elementor-id=\"141\" class=\"elementor elementor-141\">\n\t\t\t\t\t\t<div class=\"elementor-inner\">\n\t\t\t\t<div class=\"elementor-section-wrap\">\n\t\t\t\t\t\t\t\t\t<section class=\"elementor-section elementor-top-section elementor-element elementor-element-53f11c9a elementor-section-boxed elementor-section-height-default elementor-section-height-default\" data-id=\"53f11c9a\" data-element_type=\"section\">\n\t\t\t\t\t\t<div class=\"elementor-container elementor-column-gap-default\">\n\t\t\t\t\t\t\t<div class=\"elementor-row\">\n\t\t\t\t\t<div class=\"elementor-column elementor-col-100 elementor-top-column elementor-element elementor-element-77f2ebba\" data-id=\"77f2ebba\" data-element_type=\"column\">\n\t\t\t<div class=\"elementor-column-wrap elementor-element-populated\">\n\t\t\t\t\t\t\t<div class=\"elementor-widget-wrap\">\n\t\t\t\t\t\t<div class=\"elementor-element elementor-element-6b014029 elementor-widget elementor-widget-text-editor\" data-id=\"6b014029\" data-element_type=\"widget\" data-widget_type=\"text-editor.default\">\n\t\t\t\t<div class=\"elementor-widget-container\">\n\t\t\t\t\t\t\t\t<div class=\"elementor-text-editor elementor-clearfix\">\n\t\t\t\t\t\t\t\t\t<\/div>\n\t\t\t\t\t\t<\/div>\n\t\t\t\t<\/div>\n\t\t\t\t\t\t<\/div>\n\t\t\t\t\t<\/div>\n\t\t<\/div>\n\t\t\t\t\t\t\t\t<\/div>\n\t\t\t\t\t<\/div>\n\t\t<\/section>\n\t\t\t\t<section class=\"elementor-section elementor-top-section elementor-element elementor-element-755a4b7 elementor-section-boxed elementor-section-height-default elementor-section-height-default\" data-id=\"755a4b7\" data-element_type=\"section\">\n\t\t\t\t\t\t<div class=\"elementor-container elementor-column-gap-default\">\n\t\t\t\t\t\t\t<div class=\"elementor-row\">\n\t\t\t\t\t<div class=\"elementor-column elementor-col-100 elementor-top-column elementor-element elementor-element-91f5fe1\" data-id=\"91f5fe1\" data-element_type=\"column\">\n\t\t\t<div class=\"elementor-column-wrap elementor-element-populated\">\n\t\t\t\t\t\t\t<div class=\"elementor-widget-wrap\">\n\t\t\t\t\t\t<div class=\"elementor-element elementor-element-c675884 elementor-widget elementor-widget-image\" data-id=\"c675884\" data-element_type=\"widget\" data-widget_type=\"image.default\">\n\t\t\t\t<div class=\"elementor-widget-container\">\n\t\t\t\t\t\t\t\t<div class=\"elementor-image\">\n\t\t\t\t\t\t\t\t\t\t\t\t<img loading=\"lazy\" decoding=\"async\" width=\"1024\" height=\"768\" src=\"https:\/\/www.hetessport.hu\/wp-content\/uploads\/2020\/04\/u-alaku_bolt_kep-1024x768.jpg\" class=\"attachment-large size-large wp-image-190\" alt=\"\" srcset=\"https:\/\/www.hetessport.hu\/wp-content\/uploads\/2020\/04\/u-alaku_bolt_kep-1024x768.jpg 1024w, https:\/\/www.hetessport.hu\/wp-content\/uploads\/2020\/04\/u-alaku_bolt_kep-300x225.jpg 300w, https:\/\/www.hetessport.hu\/wp-content\/uploads\/2020\/04\/u-alaku_bolt_kep-768x576.jpg 768w, https:\/\/www.hetessport.hu\/wp-content\/uploads\/2020\/04\/u-alaku_bolt_kep-1536x1152.jpg 1536w, https:\/\/www.hetessport.hu\/wp-content\/uploads\/2020\/04\/u-alaku_bolt_kep-600x450.jpg 600w, https:\/\/www.hetessport.hu\/wp-content\/uploads\/2020\/04\/u-alaku_bolt_kep.jpg 1600w\" sizes=\"auto, (max-width: 1024px) 100vw, 1024px\" \/>\t\t\t\t\t\t\t\t\t\t\t\t\t\t<\/div>\n\t\t\t\t\t\t<\/div>\n\t\t\t\t<\/div>\n\t\t\t\t\t\t<\/div>\n\t\t\t\t\t<\/div>\n\t\t<\/div>\n\t\t\t\t\t\t\t\t<\/div>\n\t\t\t\t\t<\/div>\n\t\t<\/section>\n\t\t\t\t<section class=\"elementor-section elementor-top-section elementor-element elementor-element-ddb52f4 elementor-section-boxed elementor-section-height-default elementor-section-height-default\" data-id=\"ddb52f4\" data-element_type=\"section\">\n\t\t\t\t\t\t<div class=\"elementor-container elementor-column-gap-default\">\n\t\t\t\t\t\t\t<div class=\"elementor-row\">\n\t\t\t\t\t<div class=\"elementor-column elementor-col-100 elementor-top-column elementor-element elementor-element-57b1301\" data-id=\"57b1301\" data-element_type=\"column\">\n\t\t\t<div class=\"elementor-column-wrap elementor-element-populated\">\n\t\t\t\t\t\t\t<div class=\"elementor-widget-wrap\">\n\t\t\t\t\t\t<div class=\"elementor-element elementor-element-93c74c3 elementor-widget elementor-widget-text-editor\" data-id=\"93c74c3\" data-element_type=\"widget\" data-widget_type=\"text-editor.default\">\n\t\t\t\t<div class=\"elementor-widget-container\">\n\t\t\t\t\t\t\t\t<div class=\"elementor-text-editor elementor-clearfix\">\n\t\t\t\t<p>Sportruh\u00e1zati m\u00e1rkaboltunkban az Adidas, Converse, Nike \u00e9s Heavy Tools term\u00e9kcsal\u00e1d teljes v\u00e1laszt\u00e9k\u00e1t megtal\u00e1lj\u00e1k v\u00e1s\u00e1rl\u00f3ink, a f\u00fcrd\u0151nadr\u00e1gt\u00f3l a t\u00e9li s\u00edkab\u00e1tig!<\/p>\n<p><!-- \/wp:paragraph --><!-- wp:paragraph --><\/p>\n<p>Min\u0151s\u00e9gi sportruh\u00e1zat kedvez\u0151 \u00e1ron! Folyamatos akci\u00f3k!<\/p>\n<p><!-- \/wp:paragraph --><!-- wp:paragraph --><\/p>\n<p>C\u00edm: B\u00e9k\u00e9scsaba, Andr\u00e1ssy \u00fat 24. (U-alak\u00fa)<\/p>\n<p><!-- \/wp:paragraph --><!-- wp:paragraph --><\/p>\n<p>Telefon: +36 (66) 441-126.<\/p>\n<p><!-- \/wp:paragraph --><!-- wp:paragraph --><\/p>\n<p>Nyitvatart\u00e1s:<\/p>\n<p><!-- \/wp:paragraph --><!-- wp:paragraph --><\/p>\n<p>H\u00e9tf\u0151t\u0151l P\u00e9ntekig: 9 &#8211; 18 \u00f3r\u00e1ig<\/p>\n<p><!-- \/wp:paragraph --><!-- wp:paragraph --><\/p>\n<p>Szombat: 9 &#8211; 13 \u00f3r\u00e1ig<\/p>\n<p><!-- \/wp:paragraph --><!-- wp:paragraph --><\/p>\t\t\t\t\t<\/div>\n\t\t\t\t\t\t<\/div>\n\t\t\t\t<\/div>\n\t\t\t\t\t\t<\/div>\n\t\t\t\t\t<\/div>\n\t\t<\/div>\n\t\t\t\t\t\t\t\t<\/div>\n\t\t\t\t\t<\/div>\n\t\t<\/section>\n\t\t\t\t<section class=\"elementor-section elementor-top-section elementor-element elementor-element-2dd9e1d elementor-section-boxed elementor-section-height-default elementor-section-height-default\" data-id=\"2dd9e1d\" data-element_type=\"section\">\n\t\t\t\t\t\t<div class=\"elementor-container elementor-column-gap-default\">\n\t\t\t\t\t\t\t<div class=\"elementor-row\">\n\t\t\t\t\t<div class=\"elementor-column elementor-col-100 elementor-top-column elementor-element elementor-element-83f55e7\" data-id=\"83f55e7\" data-element_type=\"column\">\n\t\t\t<div class=\"elementor-column-wrap elementor-element-populated\">\n\t\t\t\t\t\t\t<div class=\"elementor-widget-wrap\">\n\t\t\t\t\t\t<div class=\"elementor-element elementor-element-9aa5b01 elementor-widget elementor-widget-image\" data-id=\"9aa5b01\" data-element_type=\"widget\" data-widget_type=\"image.default\">\n\t\t\t\t<div class=\"elementor-widget-container\">\n\t\t\t\t\t\t\t\t<div class=\"elementor-image\">\n\t\t\t\t\t\t\t\t\t\t\t\t<img loading=\"lazy\" decoding=\"async\" width=\"1024\" height=\"552\" src=\"https:\/\/www.hetessport.hu\/wp-content\/uploads\/2020\/04\/sport_corner_2014.07.14.-1024x552.jpg\" class=\"attachment-large size-large wp-image-188\" alt=\"\" srcset=\"https:\/\/www.hetessport.hu\/wp-content\/uploads\/2020\/04\/sport_corner_2014.07.14.-1024x552.jpg 1024w, https:\/\/www.hetessport.hu\/wp-content\/uploads\/2020\/04\/sport_corner_2014.07.14.-300x162.jpg 300w, https:\/\/www.hetessport.hu\/wp-content\/uploads\/2020\/04\/sport_corner_2014.07.14.-768x414.jpg 768w, https:\/\/www.hetessport.hu\/wp-content\/uploads\/2020\/04\/sport_corner_2014.07.14.-1536x828.jpg 1536w, https:\/\/www.hetessport.hu\/wp-content\/uploads\/2020\/04\/sport_corner_2014.07.14.-2048x1104.jpg 2048w, https:\/\/www.hetessport.hu\/wp-content\/uploads\/2020\/04\/sport_corner_2014.07.14.-600x323.jpg 600w\" sizes=\"auto, (max-width: 1024px) 100vw, 1024px\" \/>\t\t\t\t\t\t\t\t\t\t\t\t\t\t<\/div>\n\t\t\t\t\t\t<\/div>\n\t\t\t\t<\/div>\n\t\t\t\t\t\t<\/div>\n\t\t\t\t\t<\/div>\n\t\t<\/div>\n\t\t\t\t\t\t\t\t<\/div>\n\t\t\t\t\t<\/div>\n\t\t<\/section>\n\t\t\t\t<section class=\"elementor-section elementor-top-section elementor-element elementor-element-6cab1b5 elementor-section-boxed elementor-section-height-default elementor-section-height-default\" data-id=\"6cab1b5\" data-element_type=\"section\">\n\t\t\t\t\t\t<div class=\"elementor-container elementor-column-gap-default\">\n\t\t\t\t\t\t\t<div class=\"elementor-row\">\n\t\t\t\t\t<div class=\"elementor-column elementor-col-100 elementor-top-column elementor-element elementor-element-16bf20f\" data-id=\"16bf20f\" data-element_type=\"column\">\n\t\t\t<div class=\"elementor-column-wrap elementor-element-populated\">\n\t\t\t\t\t\t\t<div class=\"elementor-widget-wrap\">\n\t\t\t\t\t\t<div class=\"elementor-element elementor-element-b5402f9 elementor-widget elementor-widget-text-editor\" data-id=\"b5402f9\" data-element_type=\"widget\" data-widget_type=\"text-editor.default\">\n\t\t\t\t<div class=\"elementor-widget-container\">\n\t\t\t\t\t\t\t\t<div class=\"elementor-text-editor elementor-clearfix\">\n\t\t\t\t<p>Sport\u00e1ruh\u00e1zunkban teljes a paletta a sporteszk\u00f6z\u00f6k ter\u00e9n:<\/p>\n<p><!-- \/wp:paragraph --><!-- wp:list --><\/p>\n<ul>\n<li>labd\u00e1k, cip\u0151k, mezek, meleg\u00edt\u0151k, v\u00e9d\u0151felszerel\u00e9sek minden sport\u00e1ghoz;<\/li>\n<li>kapuskeszty\u0171k, s\u00edpcsontv\u00e9d\u0151k, eredeti csapatmezek;<\/li>\n<li>f\u00fcrd\u0151ruh\u00e1k, \u00fasz\u00f3szem\u00fcvegek, sapk\u00e1k;<\/li>\n<li>s\u00edruh\u00e1k, s\u00edszem\u00fcvegek nagy v\u00e1laszt\u00e9kban;<\/li>\n<li>klasszikus \u00e9s g\u00f6rkorcsoly\u00e1k;<\/li>\n<li>darts- \u00e9s bili\u00e1rd kell\u00e9kek, csocs\u00f3k;<\/li>\n<li>s\u00falyz\u00f3k, fittnesz cikkek;<\/li>\n<li>kondig\u00e9pek, szobabiciklik, ping-pong asztalok;<\/li>\n<li>j\u00e1t\u00e9kk\u00e1rty\u00e1k, zsetonok, k\u00e1rtyakell\u00e9kek;<\/li>\n<li>no \u00e9s minden ami a bili\u00e1rdhoz kell (b\u00e1bus, karambol, avagy pool): asztalok, d\u00e1k\u00f3k, goly\u00f3k\u00e9szletek, b\u00e1buk, stb.<\/li>\n<\/ul>\n<p><!-- \/wp:list --><!-- wp:paragraph --><\/p>\n<p>Sportol\u00f3knak kell\u00e9kt\u00e1ra, iskol\u00e1knak sportszert\u00e1ra:<\/p>\n<p><!-- \/wp:paragraph --><!-- wp:paragraph --><\/p>\n<p>C\u00edm: B\u00e9k\u00e9scsaba, Andr\u00e1ssy \u00fat 24. (Lott\u00f3z\u00f3val szemben)<\/p>\n<p><!-- \/wp:paragraph --><!-- wp:paragraph --><\/p>\n<p>Telefon: +36 (66) 630-524.<\/p>\n<p><!-- \/wp:paragraph --><!-- wp:paragraph --><\/p>\n<p>\u00a0Nyitvatart\u00e1s:<\/p>\n<p><!-- \/wp:paragraph --><!-- wp:paragraph --><\/p>\n<p>\u00a0H\u00e9tf\u0151t\u0151l P\u00e9ntekig:\u00a0 9 &#8211; 18 \u00f3r\u00e1ig<\/p>\n<p><!-- \/wp:paragraph --><!-- wp:paragraph --><\/p>\n<p>\u00a0Szombat:\u00a0 9 &#8211; 13 \u00f3r\u00e1ig<\/p>\n<p><!-- \/wp:paragraph --><!-- wp:paragraph --><\/p>\n<p>\u00a0B\u00e9k\u00e9s megy\u00e9ben 50.000 Ft feletti v\u00e1s\u00e1rl\u00e1s eset\u00e9n ingyenes kisz\u00e1ll\u00edt\u00e1s!<\/p>\n<p><!-- \/wp:paragraph --><!-- wp:paragraph --><\/p>\n<p>Iskol\u00e1knak ingyenes \u00e9s gyors \u00e1raj\u00e1nlat, extra kedvezm\u00e9nyek!<\/p>\t\t\t\t\t<\/div>\n\t\t\t\t\t\t<\/div>\n\t\t\t\t<\/div>\n\t\t\t\t\t\t<\/div>\n\t\t\t\t\t<\/div>\n\t\t<\/div>\n\t\t\t\t\t\t\t\t<\/div>\n\t\t\t\t\t<\/div>\n\t\t<\/section>\n\t\t\t\t\t\t\t\t\t<\/div>\n\t\t\t<\/div>\n\t\t\t\t\t<\/div>\n\t\t","protected":false},"excerpt":{"rendered":"<p>Sportruh\u00e1zati m\u00e1rkaboltunkban az Adidas, Converse, Nike \u00e9s Heavy Tools term\u00e9kcsal\u00e1d teljes v\u00e1laszt\u00e9k\u00e1t megtal\u00e1lj\u00e1k v\u00e1s\u00e1rl\u00f3ink, a f\u00fcrd\u0151nadr\u00e1gt\u00f3l a t\u00e9li s\u00edkab\u00e1tig! Min\u0151s\u00e9gi&hellip;<\/p>\n","protected":false},"author":1,"featured_media":0,"parent":0,"menu_order":0,"comment_status":"closed","ping_status":"closed","template":"","meta":{"footnotes":""},"class_list":["post-141","page","type-page","status-publish","hentry"],"_links":{"self":[{"href":"https:\/\/www.hetessport.hu\/index.php?rest_route=\/wp\/v2\/pages\/141","targetHints":{"allow":["GET"]}}],"collection":[{"href":"https:\/\/www.hetessport.hu\/index.php?rest_route=\/wp\/v2\/pages"}],"about":[{"href":"https:\/\/www.hetessport.hu\/index.php?rest_route=\/wp\/v2\/types\/page"}],"author":[{"embeddable":true,"href":"https:\/\/www.hetessport.hu\/index.php?rest_route=\/wp\/v2\/users\/1"}],"replies":[{"embeddable":true,"href":"https:\/\/www.hetessport.hu\/index.php?rest_route=%2Fwp%2Fv2%2Fcomments&post=141"}],"version-history":[{"count":3,"href":"https:\/\/www.hetessport.hu\/index.php?rest_route=\/wp\/v2\/pages\/141\/revisions"}],"predecessor-version":[{"id":191,"href":"https:\/\/www.hetessport.hu\/index.php?rest_route=\/wp\/v2\/pages\/141\/revisions\/191"}],"wp:attachment":[{"href":"https:\/\/www.hetessport.hu\/index.php?rest_route=%2Fwp%2Fv2%2Fmedia&parent=141"}],"curies":[{"name":"wp","href":"https:\/\/api.w.org\/{rel}","templated":true}]}}