{"id":239,"date":"2020-05-19T09:12:52","date_gmt":"2020-05-19T09:12:52","guid":{"rendered":"http:\/\/www.hetessport.hu\/?page_id=239"},"modified":"2026-04-17T05:49:19","modified_gmt":"2026-04-17T05:49:19","slug":"szechenyi-projekt","status":"publish","type":"page","link":"https:\/\/www.hetessport.hu\/?page_id=239","title":{"rendered":"Nyertes p\u00e1ly\u00e1zatok"},"content":{"rendered":"<p><img decoding=\"async\" width=\"1024\" height=\"292\" src=\"http:\/\/www.hetessport.hu\/wp-content\/uploads\/2024\/05\/Hetes-palyazat-logo-1024x292.jpg\" alt=\"\" loading=\"lazy\" srcset=\"https:\/\/www.hetessport.hu\/wp-content\/uploads\/2024\/05\/Hetes-palyazat-logo-1024x292.jpg 1024w, https:\/\/www.hetessport.hu\/wp-content\/uploads\/2024\/05\/Hetes-palyazat-logo-300x86.jpg 300w, https:\/\/www.hetessport.hu\/wp-content\/uploads\/2024\/05\/Hetes-palyazat-logo-768x219.jpg 768w, https:\/\/www.hetessport.hu\/wp-content\/uploads\/2024\/05\/Hetes-palyazat-logo-600x171.jpg 600w, https:\/\/www.hetessport.hu\/wp-content\/uploads\/2024\/05\/Hetes-palyazat-logo.jpg 1263w\" sizes=\"auto, (max-width: 1024px) 100vw, 1024px\" \/>\t\t\t\t\t\t\t\t\t\t\t\t\t\t<\/p>\n<p>Kedvezm\u00e9nyezett neve:\u00a0 \u00a0<strong>Hetes Kft.<\/strong><\/p>\n<p>A projekt c\u00edme: \u201e<strong>A Hetes Kft. \u00fczleti digitaliz\u00e1ci\u00f3ja \u00e9s informatikai fejleszt\u00e9se&#8221;<\/strong><\/p>\n<p>A szerz\u0151d\u00f6tt t\u00e1mogat\u00e1s \u00f6sszege:\u00a0\u00a0\u00a0\u00a0\u00a0\u00a0\u00a0\u00a0\u00a0\u00a0\u00a0\u00a0 <strong>8\u00a0854 348<\/strong><strong> Ft<\/strong><\/p>\n<p><strong>A szerz\u0151d\u00f6tt hitel \u00f6sszege:\u00a0\u00a0\u00a0\u00a0\u00a0\u00a0\u00a0\u00a0\u00a0\u00a0\u00a0\u00a0\u00a0\u00a0\u00a0\u00a0\u00a0\u00a0\u00a0\u00a0\u00a0\u00a0\u00a0 8\u00a0854\u00a0348 Ft<\/strong><\/p>\n<p>A projekt tartalm\u00e1nak bemutat\u00e1sa:\u00a0\u00a0\u00a0\u00a0\u00a0\u00a0\u00a0 A Hetes Kft. a m\u0171k\u00f6d\u00e9si hat\u00e9konys\u00e1g n\u00f6vel\u00e9se \u00e9s a digit\u00e1lis fejl\u0151d\u00e9s \u00e9rdek\u00e9ben egy \u00e1tfog\u00f3 digitaliz\u00e1ci\u00f3s projektet val\u00f3s\u00edt meg, amely illeszkedik az Intelligens Szakosod\u00e1si Strat\u00e9gia (S3) c\u00e9ljaihoz. A fejleszt\u00e9s keret\u00e9ben egy korszer\u0171, modul\u00e1ris v\u00e1llalatir\u00e1ny\u00edt\u00e1si szoftvercsomag ker\u00fcl bevezet\u00e9sre, amely t\u00f6bb \u00fczleti ter\u00fcletet integr\u00e1ltan t\u00e1mogat. Az \u00e9rt\u00e9kes\u00edt\u00e9si modul hozz\u00e1j\u00e1rul az \u00fcgyf\u00e9lkapcsolatok hat\u00e9konyabb kezel\u00e9s\u00e9hez \u00e9s a bev\u00e9telek n\u00f6vel\u00e9s\u00e9hez az adatalap\u00fa m\u0171k\u00f6d\u00e9s r\u00e9v\u00e9n. Az automatiz\u00e1lt munkafolyamatok egyszer\u0171s\u00edtik a napi m\u0171k\u00f6d\u00e9st \u00e9s cs\u00f6kkentik a hibalehet\u0151s\u00e9geket. A kontrolling funkci\u00f3k pontosabb p\u00e9nz\u00fcgyi \u00e9s teljes\u00edtm\u00e9nyadatokat biztos\u00edtanak a vezet\u0151i d\u00f6nt\u00e9shozatalhoz. A beszerz\u00e9si folyamatok \u00e1tl\u00e1that\u00f3bb\u00e1 v\u00e1lnak, ami k\u00f6lts\u00e9gcs\u00f6kkent\u00e9st \u00e9s jobb tervezhet\u0151s\u00e9get eredm\u00e9nyez. A p\u00e9nz\u00fcgyi modul t\u00e1mogatja a k\u00f6nyvel\u00e9si, likvidit\u00e1skezel\u00e9si \u00e9s tervez\u00e9si feladatok automatiz\u00e1l\u00e1s\u00e1t. A projekt r\u00e9szek\u00e9nt \u00faj informatikai eszk\u00f6z\u00f6k beszerz\u00e9se is megval\u00f3sul, biztos\u00edtva a rendszer hat\u00e9kony m\u0171k\u00f6d\u00e9s\u00e9t. A fejleszt\u00e9s eredm\u00e9nyek\u00e9nt javul a v\u00e1llalat \u00fcgyf\u00e9lkiszolg\u00e1l\u00e1si sz\u00ednvonala \u00e9s m\u0171k\u00f6d\u00e9si hat\u00e9konys\u00e1ga. Emellett a kapacit\u00e1sb\u0151v\u00edt\u00e9s lehet\u0151s\u00e9get teremt \u00faj munkahelyek l\u00e9trehoz\u00e1s\u00e1ra is.&#8221;<\/p>\n<p><strong>\u00a0<\/strong><\/p>\n<p>A projekt befejez\u00e9s\u00e9nek d\u00e1tuma:\u00a0\u00a0\u00a0\u00a0\u00a0\u00a0\u00a0\u00a0\u00a0\u00a0\u00a0 <strong>2026.03.31.<\/strong><\/p>\n<p>\t\t\t\t\t\t\t\t\t\t\t\t<img decoding=\"async\" width=\"450\" height=\"311\" src=\"http:\/\/www.hetessport.hu\/wp-content\/uploads\/2020\/05\/VFS_14c85a53426e43f74440d327bd4e4d83.jpg\" alt=\"\" loading=\"lazy\" srcset=\"https:\/\/www.hetessport.hu\/wp-content\/uploads\/2020\/05\/VFS_14c85a53426e43f74440d327bd4e4d83.jpg 450w, https:\/\/www.hetessport.hu\/wp-content\/uploads\/2020\/05\/VFS_14c85a53426e43f74440d327bd4e4d83-300x207.jpg 300w, https:\/\/www.hetessport.hu\/wp-content\/uploads\/2020\/05\/VFS_14c85a53426e43f74440d327bd4e4d83-100x70.jpg 100w\" sizes=\"auto, (max-width: 450px) 100vw, 450px\" \/>\t\t\t\t\t\t\t\t\t\t\t\t\t\t<\/p>\n<p><b style=\"text-decoration-line: underline;\">Kedvezm\u00e9nyezett neve:<\/b> HETES Kft.<\/p>\n<p><b><u>Projekt c\u00edme:<\/u><\/b> A HETES KFT k\u00e9pz\u00e9si projektje<\/p>\n<p><b><u>T\u00e1mogat\u00e1s \u00f6sszege:<\/u>\u00a0<\/b>7 895 952 Ft<\/p>\n<p><b><u>T\u00e1mogat\u00e1s m\u00e9rt\u00e9ke (%):<\/u><\/b> 100%<\/p>\n<p><b><u>Projekt bemutat\u00e1s:<\/u> <\/b>A projekt f\u0151 c\u00e9lja a munkav\u00e1llal\u00f3k foglalkoztathat\u00f3s\u00e1g\u00e1nak, munkahelyi k\u00e9szs\u00e9geinek \u00e9s kompetenci\u00e1j\u00e1nak jav\u00edt\u00e1sa a v\u00e1llalkoz\u00e1sok versenyk\u00e9pess\u00e9g\u00e9nek n\u00f6vel\u00e9se \u00e9rdek\u00e9ben. A projekt t\u00e1mogatja \u00e9s \u00f6szt\u00f6nzi az \u00e9lethosszig tart\u00f3 tanul\u00e1st, szakmai \u00e9s szem\u00e9lyes k\u00e9szs\u00e9gek folyamatos fejleszt\u00e9s\u00e9t, valamint a kompetenci\u00e1k b\u0151v\u00edt\u00e9s\u00e9t, f\u00fcggetlen\u00fcl a munkaer\u0151 kor\u00e1t\u00f3l, nem\u00e9t\u0151l, el\u0151k\u00e9pzetts\u00e9g\u00e9t\u0151l \u00e9s \u00e9letk\u00f6r\u00fclm\u00e9nyeit\u0151l. A munkav\u00e1llal\u00f3 sz\u00e1m\u00e1ra a feln\u0151ttkori tanul\u00e1s kulcsfontoss\u00e1g\u00fa szerepet t\u00f6lt be a munkaer\u0151-piaci, gazdas\u00e1gi, t\u00e1rsadalmi \u00e9s technol\u00f3giai v\u00e1ltoz\u00e1sokhoz val\u00f3 min\u00e9l k\u00f6nnyebb alkalmazkod\u00e1sban.<\/p>\n<p><b><u>A projekt tervezett befejez\u00e9si d\u00e1tuma:<\/u> <\/b>2020.10.13.<\/p>\n<p><b><u>A projekt azonos\u00edt\u00f3 sz\u00e1ma:<\/u><\/b> GINOP-6.1.6-17-2018-01125<\/p>\n<p>\u00a0<\/p>\n<p>\u00a0<\/p>\n<p>Kedvezm\u00e9nyezett neve:\u00a0\u00a0\u00a0\u00a0\u00a0\u00a0\u00a0\u00a0\u00a0\u00a0\u00a0\u00a0\u00a0\u00a0\u00a0\u00a0\u00a0\u00a0\u00a0\u00a0\u00a0\u00a0\u00a0\u00a0\u00a0\u00a0\u00a0\u00a0\u00a0 <strong>Hetes Kft.<\/strong><\/p>\n<p>A projekt c\u00edme:\u00a0\u00a0\u00a0\u00a0\u00a0\u00a0\u00a0\u00a0\u00a0\u00a0\u00a0\u00a0\u00a0\u00a0\u00a0\u00a0\u00a0\u00a0\u00a0\u00a0\u00a0\u00a0\u00a0\u00a0\u00a0\u00a0\u00a0\u00a0\u00a0\u00a0\u00a0\u00a0\u00a0\u00a0\u00a0\u00a0\u00a0\u00a0\u00a0\u00a0\u00a0\u00a0\u00a0\u00a0\u00a0 <strong>\u201eA Hetes Kft. modern \u00fczleti \u00e9s termel\u00e9si kih\u00edv\u00e1saihoz val\u00f3 alkalmazkod\u00e1st seg\u00edt\u0151 technol\u00f3giafejleszt\u00e9s\u201d<\/strong><\/p>\n<p>A szerz\u0151d\u00f6tt t\u00e1mogat\u00e1s \u00f6sszege:\u00a0\u00a0\u00a0\u00a0\u00a0\u00a0\u00a0\u00a0\u00a0\u00a0\u00a0\u00a0 <strong>28\u00a0774 285<\/strong><strong> Ft<\/strong><\/p>\n<p>A t\u00e1mogat\u00e1s m\u00e9rt\u00e9ke (%-ban):\u00a0\u00a0\u00a0\u00a0\u00a0\u00a0\u00a0\u00a0\u00a0\u00a0\u00a0\u00a0\u00a0\u00a0\u00a0\u00a0 <strong>70 %<\/strong><\/p>\n<p>A projekt tartalm\u00e1nak bemutat\u00e1sa: A Hetes Kft. strat\u00e9giai c\u00e9lja, hogy a v\u00e1llalkoz\u00e1s piaci helyzet\u00e9t stabiliz\u00e1lja \u00e9s a tev\u00e9kenys\u00e9g\u00e9vel \u00f6sszef\u00fcgg\u0151 szolg\u00e1ltat\u00e1s bevezet\u00e9s\u00e9t val\u00f3s\u00edtsa meg a projekt keretein bel\u00fcl. A kereskedelmi tev\u00e9kenys\u00e9g a Covid 19 hat\u00e1s\u00e1ra jelent\u0151sen \u00e1trendez\u0151d\u00f6tt, \u00e9s az \u00e9rt\u00e9kes\u00edt\u00e9sek 60%-a \u00e1thelyez\u0151d\u00f6tt az online t\u00e9rbe. A p\u00e1ly\u00e1zat olyan komplex technol\u00f3giai fejleszt\u00e9st foglal mag\u00e1ban, ami \u00e1ltallehet\u0151s\u00e9g v\u00e1lik a gazdas\u00e1gi v\u00e1ltoz\u00e1sokra val\u00f3 gyors reag\u00e1l\u00e1sra, illetve az \u00faj tev\u00e9kenys\u00e9g \u00e1ltal, a v\u00e1ltoz\u00e1sokb\u00f3l ad\u00f3d\u00f3 egyenl\u0151tlens\u00e9gek gazdas\u00e1gi szempontb\u00f3l kiegyens\u00falyozhat\u00f3v\u00e1 v\u00e1lnak. T\u00e1rsas\u00e1guk f\u0151 profilja a sportruh\u00e1zat \u00e9s sportszer kiskereskedelem. Az \u00fczleteikben kaphat\u00f3 term\u00e9kek egyedi, szem\u00e9lyre szabott l\u00e9zeres jel\u00f6l\u00e9s\u00e9t jelenleg gy\u00e1rt\u00f3partner seg\u00edts\u00e9g\u00e9vel oldjuk meg, ez\u00e9rt \u00f6n\u00e1ll\u00f3 jel\u00f6l\u00e9stechnikai m\u0171helyt szeretn\u00e9nek berendezni. A l\u00e9zeres jel\u00f6l\u00e9stechnika c\u00e9lja az elt\u00e1vol\u00edthatatlan feliratoz\u00e1s: a l\u00e9zeres jel\u00f6l\u0151egys\u00e9g az anyag fel\u00fclet\u00e9nek fels\u0151 r\u00e9teg\u00e9t t\u00fcnteti el, \u00edgy garant\u00e1lja a tart\u00f3s feliratot. Ezen c\u00e9lok megval\u00f3s\u00edt\u00e1s\u00e1hoz a k\u00f6vetkez\u0151 eszk\u00f6z ker\u00fclt beszerz\u00e9sre: LMS-MOPA 60WR JM7 t\u00edpus\u00fa l\u00e9zergrav\u00edroz\u00f3. A fejleszt\u00e9si tev\u00e9kenys\u00e9g sor\u00e1n beszerz\u00e9sre ker\u00fclt eszk\u00f6z\u00f6k: 1db Shining 3D Einscan HX t\u00edpus\u00fa k\u00e9zi 3D scanner, 2 db Epson ECO Tank I1800 nyomtat\u00f3 amivel digit\u00e1listranszfer nyomtat\u00e1st tudunk v\u00e9gezni, mezek, p\u00f3l\u00f3k sport ruh\u00e1zatok feliratoz\u00e1s\u00e1ra. Beszerz\u00e9sre ker\u00fclt m\u00e9g 3 db ASUS Zenbook laptop, 2 db DELL Inspiron 3881 t\u00edpus\u00fa asztali sz\u00e1m\u00edt\u00f3g\u00e9p, 1 db Apple Ipad. A munkafolyamataink \u00e1tl\u00e1that\u00f3s\u00e1g\u00e1ra \u00e9s a gy\u00e1rt\u00e1s, \u00e9rt\u00e9kes\u00edt\u00e9s, k\u00f6nnyebb kezelhet\u0151s\u00e9g\u00e9re \u00e9s nyomon k\u00f6vet\u00e9s\u00e9re a SmartTrade szoftver ker\u00fclt bevezet\u00e9sre. \u00daj v\u00e1llalatir\u00e1ny\u00edt\u00e1sirendszer ki\u00e9p\u00edt\u00e9s\u00e9vel kapcsolatos tan\u00e1csad\u00e1s, gy\u00e1rt\u00e1stervez\u00e9si \u00e9s termel\u00e9sir\u00e1ny\u00edt\u00e1si rendszer ki\u00e9p\u00edt\u00e9s\u00e9vel kapcsolatos tan\u00e1csad\u00e1s, on-line integr\u00e1ci\u00f3 el\u0151seg\u00edt\u00e9s\u00e9hez \u00e9s a fejleszt\u00e9shez kapcsol\u00f3d\u00f3 tan\u00e1csad\u00e1st vesz\u00fcnk ig\u00e9nybe. Munkav\u00e1llal\u00f3ink a c\u00e9ges folyamatok transzform\u00e1l\u00e1sa digit\u00e1lis k\u00f6rnyezetbe k\u00e9pz\u00e9sen vettek r\u00e9szt. Az \u00faj technol\u00f3gi\u00e1k lehet\u0151s\u00e9get teremtenek arra, hogy az elad\u00e1sra k\u00edn\u00e1lt term\u00e9keknek \u00e9s a szolg\u00e1ltat\u00e1soknak \u00faj otthont ny\u00fajtsanak, de seg\u00edtenek a gazdas\u00e1gi \u00e9s a modern kommunik\u00e1ci\u00f3s fejl\u0151d\u00e9sben, hogy sikeresen vegyenek r\u00e9szt a v\u00e1ltoz\u00f3 vil\u00e1gban. A v\u00e1llalkoz\u00e1s bev\u00e9tel\u00e9nek n\u00f6veked\u00e9se \u00e1ltal tov\u00e1bbi fejleszt\u00e9sekre lesz lehet\u0151s\u00e9g\u00fck, ami nem csak a jelenlegi, de \u00faj munkahelyek teremt\u00e9s\u00e9t is lehet\u0151v\u00e9 teszi. A p\u00e1ly\u00e1zat keret\u00e9ben beszerezhet\u0151 moderniz\u00e1lt berendez\u00e9sek \u00e9s digit\u00e1lis eszk\u00f6z\u00f6k fejleszt\u00e9se \u00e1ltal versenyk\u00e9pess\u00e9g\u00fck javul\u00e1s\u00e1t eredm\u00e9nyezi.<\/p>\n<p>A projekt tervezett befejez\u00e9si d\u00e1tuma:\u00a0 <strong>2023.09.30<\/strong><\/p>\n<p>A projekt t\u00e9nyleges befejez\u00e9si d\u00e1tuma: <strong>2023.11.01<\/strong>.<\/p>\n<p>Projekt azonos\u00edt\u00f3 sz\u00e1ma:\u00a0\u00a0\u00a0\u00a0\u00a0\u00a0\u00a0\u00a0\u00a0\u00a0\u00a0\u00a0\u00a0\u00a0\u00a0\u00a0\u00a0\u00a0\u00a0\u00a0\u00a0\u00a0\u00a0\u00a0\u00a0\u00a0\u00a0 <strong>GINOP_PLUSZ-1.2.1-21-2021-02108<\/strong><\/p>\n<p><strong>Kedvezm\u00e9nyezett<\/strong> neve:\u00a0HETES Kft.<\/p>\n<p><u>Projekt bemutat\u00e1s:<\/u>\u00a0Mikro-, kis- \u00e9s k\u00f6z\u00e9pv\u00e1llalkoz\u00e1sok technol\u00f3giai korszer\u0171s\u00edt\u00e9se c\u00e9l\u00fa Hitelprogram keret\u00e9ben Forg\u00f3eszk\u00f6z finansz\u00edroz\u00e1s<\/p>\n<p><u>A projekt azonos\u00edt\u00f3 sz\u00e1ma:<\/u> GINOP-8.3.5-18\/B<\/p>\n","protected":false},"excerpt":{"rendered":"<p>Kedvezm\u00e9nyezett neve:\u00a0 \u00a0Hetes Kft. A projekt c\u00edme: \u201eA Hetes Kft. \u00fczleti digitaliz\u00e1ci\u00f3ja \u00e9s informatikai fejleszt\u00e9se&#8221; A szerz\u0151d\u00f6tt t\u00e1mogat\u00e1s \u00f6sszege:\u00a0\u00a0\u00a0\u00a0\u00a0\u00a0\u00a0\u00a0\u00a0\u00a0\u00a0\u00a0 8\u00a0854&hellip;<\/p>\n","protected":false},"author":1,"featured_media":0,"parent":0,"menu_order":0,"comment_status":"closed","ping_status":"closed","template":"","meta":{"footnotes":""},"class_list":["post-239","page","type-page","status-publish","hentry"],"_links":{"self":[{"href":"https:\/\/www.hetessport.hu\/index.php?rest_route=\/wp\/v2\/pages\/239","targetHints":{"allow":["GET"]}}],"collection":[{"href":"https:\/\/www.hetessport.hu\/index.php?rest_route=\/wp\/v2\/pages"}],"about":[{"href":"https:\/\/www.hetessport.hu\/index.php?rest_route=\/wp\/v2\/types\/page"}],"author":[{"embeddable":true,"href":"https:\/\/www.hetessport.hu\/index.php?rest_route=\/wp\/v2\/users\/1"}],"replies":[{"embeddable":true,"href":"https:\/\/www.hetessport.hu\/index.php?rest_route=%2Fwp%2Fv2%2Fcomments&post=239"}],"version-history":[{"count":32,"href":"https:\/\/www.hetessport.hu\/index.php?rest_route=\/wp\/v2\/pages\/239\/revisions"}],"predecessor-version":[{"id":332,"href":"https:\/\/www.hetessport.hu\/index.php?rest_route=\/wp\/v2\/pages\/239\/revisions\/332"}],"wp:attachment":[{"href":"https:\/\/www.hetessport.hu\/index.php?rest_route=%2Fwp%2Fv2%2Fmedia&parent=239"}],"curies":[{"name":"wp","href":"https:\/\/api.w.org\/{rel}","templated":true}]}}